{"id":1017,"date":"2022-12-28T12:18:45","date_gmt":"2022-12-28T12:18:45","guid":{"rendered":"https:\/\/yonetim2.sondigital.net\/?page_id=1017"},"modified":"2022-12-28T12:48:41","modified_gmt":"2022-12-28T12:48:41","slug":"mevzuatlar","status":"publish","type":"page","link":"https:\/\/yonetim2.sondigital.net\/?page_id=1017","title":{"rendered":"Mevzuatlar"},"content":{"rendered":"\t\t<div data-elementor-type=\"wp-page\" data-elementor-id=\"1017\" class=\"elementor elementor-1017\">\n\t\t\t\t\t\t\t\t\t<section class=\"elementor-section elementor-top-section elementor-element elementor-element-1f98c58 elementor-section-boxed elementor-section-height-default elementor-section-height-default\" data-id=\"1f98c58\" data-element_type=\"section\">\n\t\t\t\t\t\t<div class=\"elementor-container elementor-column-gap-default\">\n\t\t\t\t\t<div class=\"elementor-column elementor-col-100 elementor-top-column elementor-element elementor-element-73c2439\" data-id=\"73c2439\" data-element_type=\"column\">\n\t\t\t<div class=\"elementor-widget-wrap elementor-element-populated\">\n\t\t\t\t\t\t\t\t<div class=\"elementor-element elementor-element-ffb08d7 elementor-widget elementor-widget-mfn_blog_news\" data-id=\"ffb08d7\" data-element_type=\"widget\" data-widget_type=\"mfn_blog_news.default\">\n\t\t\t\t<div class=\"elementor-widget-container\">\n\t\t\t<div class=\"Latest_news \"><ul class=\"ul-first\"><li class=\"post-1034 post type-post status-publish format-standard hentry category-mevzutlar\"><div class=\"photo\"><a href=\"https:\/\/yonetim2.sondigital.net\/?p=1034\"><\/a><\/div><div class=\"desc\"><h5><a href=\"https:\/\/yonetim2.sondigital.net\/?p=1034\">Karar Defteri Karar \u00d6rne\u011fi<\/a><\/h5><div class=\"desc_footer\"><span class=\"date\"><i class=\"icon-clock\" aria-label=\"published\"><\/i> Aral\u0131k 28, 2022<\/span><i class=\"icon-comment-empty-fa\" aria-label=\"comments number\"><\/i> <a href=\"https:\/\/yonetim2.sondigital.net\/?p=1034#respond\" class=\"post-comments\">0<\/a><div class=\"button-love\"><a href=\"#\" class=\"mfn-love \" data-id=\"1034\"><span class=\"icons-wrapper\"><i class=\"icon-heart-empty-fa\" aria-label=\"loved\"><\/i><i class=\"icon-heart-fa\" aria-label=\"loved\"><\/i><\/span><span class=\"label\">0<\/span><\/a><\/div><\/div><\/div><\/li><li class=\"post-1032 post type-post status-publish format-standard hentry category-mevzutlar\"><div class=\"photo\"><a href=\"https:\/\/yonetim2.sondigital.net\/?p=1032\"><\/a><\/div><div class=\"desc\"><h5><a href=\"https:\/\/yonetim2.sondigital.net\/?p=1032\">Wise Enerji Kimli\u011fi Ne \u0130\u015fe Yarar<\/a><\/h5><div class=\"desc_footer\"><span class=\"date\"><i class=\"icon-clock\" aria-label=\"published\"><\/i> Aral\u0131k 28, 2022<\/span><i class=\"icon-comment-empty-fa\" aria-label=\"comments number\"><\/i> <a href=\"https:\/\/yonetim2.sondigital.net\/?p=1032#respond\" class=\"post-comments\">0<\/a><div class=\"button-love\"><a href=\"#\" class=\"mfn-love \" data-id=\"1032\"><span class=\"icons-wrapper\"><i class=\"icon-heart-empty-fa\" aria-label=\"loved\"><\/i><i class=\"icon-heart-fa\" aria-label=\"loved\"><\/i><\/span><span class=\"label\">0<\/span><\/a><\/div><\/div><\/div><\/li><li class=\"post-1030 post type-post status-publish format-standard hentry category-mevzutlar\"><div class=\"photo\"><a href=\"https:\/\/yonetim2.sondigital.net\/?p=1030\"><\/a><\/div><div class=\"desc\"><h5><a href=\"https:\/\/yonetim2.sondigital.net\/?p=1030\">Wise Kentsel D\u00f6n\u00fc\u015f\u00fcm Uzman Ofis Ne \u0130\u015f Yapar<\/a><\/h5><div class=\"desc_footer\"><span class=\"date\"><i class=\"icon-clock\" aria-label=\"published\"><\/i> Aral\u0131k 28, 2022<\/span><i class=\"icon-comment-empty-fa\" aria-label=\"comments number\"><\/i> <a href=\"https:\/\/yonetim2.sondigital.net\/?p=1030#respond\" class=\"post-comments\">0<\/a><div class=\"button-love\"><a href=\"#\" class=\"mfn-love \" data-id=\"1030\"><span class=\"icons-wrapper\"><i class=\"icon-heart-empty-fa\" aria-label=\"loved\"><\/i><i class=\"icon-heart-fa\" aria-label=\"loved\"><\/i><\/span><span class=\"label\">0<\/span><\/a><\/div><\/div><\/div><\/li><li class=\"post-1027 post type-post status-publish format-standard hentry category-mevzutlar\"><div class=\"photo\"><a href=\"https:\/\/yonetim2.sondigital.net\/?p=1027\"><\/a><\/div><div class=\"desc\"><h5><a href=\"https:\/\/yonetim2.sondigital.net\/?p=1027\">Wise Profesyonel Apartman ve Site Y\u00f6netimi Kat M\u00fclkiyeti Kanunu<\/a><\/h5><div class=\"desc_footer\"><span class=\"date\"><i class=\"icon-clock\" aria-label=\"published\"><\/i> Aral\u0131k 28, 2022<\/span><i class=\"icon-comment-empty-fa\" aria-label=\"comments number\"><\/i> <a href=\"https:\/\/yonetim2.sondigital.net\/?p=1027#respond\" class=\"post-comments\">0<\/a><div class=\"button-love\"><a href=\"#\" class=\"mfn-love \" data-id=\"1027\"><span class=\"icons-wrapper\"><i class=\"icon-heart-empty-fa\" aria-label=\"loved\"><\/i><i class=\"icon-heart-fa\" aria-label=\"loved\"><\/i><\/span><span class=\"label\">0<\/span><\/a><\/div><\/div><\/div><\/li><li class=\"post-1024 post type-post status-publish format-standard hentry category-mevzutlar\"><div class=\"photo\"><a href=\"https:\/\/yonetim2.sondigital.net\/?p=1024\"><\/a><\/div><div class=\"desc\"><h5><a href=\"https:\/\/yonetim2.sondigital.net\/?p=1024\">Wise Profesyonel Apartman ve Site Y\u00f6netimi Toplant\u0131 i\u00e7in Vekaletname \u00d6rne\u011fi<\/a><\/h5><div class=\"desc_footer\"><span class=\"date\"><i class=\"icon-clock\" aria-label=\"published\"><\/i> Aral\u0131k 28, 2022<\/span><i class=\"icon-comment-empty-fa\" aria-label=\"comments number\"><\/i> <a href=\"https:\/\/yonetim2.sondigital.net\/?p=1024#respond\" class=\"post-comments\">0<\/a><div class=\"button-love\"><a href=\"#\" class=\"mfn-love \" data-id=\"1024\"><span class=\"icons-wrapper\"><i class=\"icon-heart-empty-fa\" aria-label=\"loved\"><\/i><i class=\"icon-heart-fa\" aria-label=\"loved\"><\/i><\/span><span class=\"label\">0<\/span><\/a><\/div><\/div><\/div><\/li><li class=\"post-1015 post type-post status-publish format-standard hentry category-mevzutlar\"><div class=\"photo\"><a href=\"https:\/\/yonetim2.sondigital.net\/?p=1015\"><\/a><\/div><div class=\"desc\"><h5><a href=\"https:\/\/yonetim2.sondigital.net\/?p=1015\">Wise Profesyonel Apartman ve Site Y\u00f6netimi Y\u00f6neticinin G\u00f6revleri Madde 35<\/a><\/h5><div class=\"desc_footer\"><span class=\"date\"><i class=\"icon-clock\" aria-label=\"published\"><\/i> Aral\u0131k 28, 2022<\/span><i class=\"icon-comment-empty-fa\" aria-label=\"comments number\"><\/i> <a href=\"https:\/\/yonetim2.sondigital.net\/?p=1015#respond\" class=\"post-comments\">0<\/a><div class=\"button-love\"><a href=\"#\" class=\"mfn-love \" data-id=\"1015\"><span class=\"icons-wrapper\"><i class=\"icon-heart-empty-fa\" aria-label=\"loved\"><\/i><i class=\"icon-heart-fa\" aria-label=\"loved\"><\/i><\/span><span class=\"label\">0<\/span><\/a><\/div><\/div><\/div><\/li><\/ul><\/div>\n\t\t<\/div>\n\t\t\t\t<\/div>\n\t\t\t\t<div class=\"elementor-element elementor-element-f81cab0 elementor-widget elementor-widget-html\" data-id=\"f81cab0\" data-element_type=\"widget\" data-widget_type=\"html.default\">\n\t\t\t\t<div class=\"elementor-widget-container\">\n\t\t\t<style>\n    .desc_footer {\n        display: none;\n    }\n    h5 {\n        border-bottom: 1px solid #c1c1;\n        padding-bottom: 5px;\n    }\n<\/style>\t\t<\/div>\n\t\t\t\t<\/div>\n\t\t\t\t\t<\/div>\n\t\t<\/div>\n\t\t\t\t\t\t\t<\/div>\n\t\t<\/section>\n\t\t\t\t\t\t\t<\/div>\n\t\t","protected":false},"excerpt":{"rendered":"<p>Karar Defteri Karar \u00d6rne\u011fi Aral\u0131k 28, 2022 00 Wise Enerji Kimli\u011fi Ne \u0130\u015fe Yarar Aral\u0131k 28, 2022 00 Wise Kentsel D\u00f6n\u00fc\u015f\u00fcm Uzman Ofis Ne \u0130\u015f Yapar<span class=\"excerpt-hellip\"> [\u2026]<\/span><\/p>\n","protected":false},"author":2,"featured_media":0,"parent":0,"menu_order":0,"comment_status":"closed","ping_status":"closed","template":"elementor_theme","meta":{"footnotes":""},"class_list":["post-1017","page","type-page","status-publish","hentry"],"_links":{"self":[{"href":"https:\/\/yonetim2.sondigital.net\/index.php?rest_route=\/wp\/v2\/pages\/1017","targetHints":{"allow":["GET"]}}],"collection":[{"href":"https:\/\/yonetim2.sondigital.net\/index.php?rest_route=\/wp\/v2\/pages"}],"about":[{"href":"https:\/\/yonetim2.sondigital.net\/index.php?rest_route=\/wp\/v2\/types\/page"}],"author":[{"embeddable":true,"href":"https:\/\/yonetim2.sondigital.net\/index.php?rest_route=\/wp\/v2\/users\/2"}],"replies":[{"embeddable":true,"href":"https:\/\/yonetim2.sondigital.net\/index.php?rest_route=%2Fwp%2Fv2%2Fcomments&post=1017"}],"version-history":[{"count":13,"href":"https:\/\/yonetim2.sondigital.net\/index.php?rest_route=\/wp\/v2\/pages\/1017\/revisions"}],"predecessor-version":[{"id":1043,"href":"https:\/\/yonetim2.sondigital.net\/index.php?rest_route=\/wp\/v2\/pages\/1017\/revisions\/1043"}],"wp:attachment":[{"href":"https:\/\/yonetim2.sondigital.net\/index.php?rest_route=%2Fwp%2Fv2%2Fmedia&parent=1017"}],"curies":[{"name":"wp","href":"https:\/\/api.w.org\/{rel}","templated":true}]}}