{"id":1080,"date":"2023-01-03T19:46:44","date_gmt":"2023-01-03T19:46:44","guid":{"rendered":"https:\/\/yonetim2.sondigital.net\/?page_id=1080"},"modified":"2023-01-03T19:47:40","modified_gmt":"2023-01-03T19:47:40","slug":"kensel-donusum-icin-teklif-al","status":"publish","type":"page","link":"https:\/\/yonetim2.sondigital.net\/?page_id=1080","title":{"rendered":"Kensel D\u00f6n\u00fc\u015f\u00fcm \u0130\u00e7in Teklif Al"},"content":{"rendered":"\t\t<div data-elementor-type=\"wp-page\" data-elementor-id=\"1080\" class=\"elementor elementor-1080\">\n\t\t\t\t\t\t\t\t\t<section class=\"elementor-section elementor-top-section elementor-element elementor-element-f41bc98 elementor-section-boxed elementor-section-height-default elementor-section-height-default\" data-id=\"f41bc98\" data-element_type=\"section\">\n\t\t\t\t\t\t<div class=\"elementor-container elementor-column-gap-default\">\n\t\t\t\t\t<div class=\"elementor-column elementor-col-100 elementor-top-column elementor-element elementor-element-ae49f30\" data-id=\"ae49f30\" data-element_type=\"column\">\n\t\t\t<div class=\"elementor-widget-wrap elementor-element-populated\">\n\t\t\t\t\t\t\t\t<div class=\"elementor-element elementor-element-4c3bf11 elementor-widget elementor-widget-html\" data-id=\"4c3bf11\" data-element_type=\"widget\" data-widget_type=\"html.default\">\n\t\t\t\t<div class=\"elementor-widget-container\">\n\t\t\t<div role=\"form\" class=\"wpcf7\" id=\"wpcf7-f1079-o1\" lang=\"en-US\" dir=\"ltr\">\n<div class=\"screen-reader-response\"><p role=\"status\" aria-live=\"polite\" aria-atomic=\"true\"><\/p> <ul><\/ul><\/div>\n<form action=\"\/index.php?rest_route=%2Fwp%2Fv2%2Fpages%2F1080#wpcf7-f1079-o1\" method=\"post\" class=\"wpcf7-form init\" novalidate=\"novalidate\" data-status=\"init\">\n<div style=\"display: none;\">\n<input type=\"hidden\" name=\"_wpcf7\" value=\"1079\" \/>\n<input type=\"hidden\" name=\"_wpcf7_version\" value=\"5.6.3\" \/>\n<input type=\"hidden\" name=\"_wpcf7_locale\" value=\"en_US\" \/>\n<input type=\"hidden\" name=\"_wpcf7_unit_tag\" value=\"wpcf7-f1079-o1\" \/>\n<input type=\"hidden\" name=\"_wpcf7_container_post\" value=\"0\" \/>\n<input type=\"hidden\" name=\"_wpcf7_posted_data_hash\" value=\"\" \/>\n<\/div>\n<p><script src=\"https:\/\/ajax.googleapis.com\/ajax\/libs\/jquery\/3.6.0\/jquery.min.js\">\n<\/script><br \/>\n<script>\nvar data = [<\/p>\n<p>  {\n    \"il\": \"\u0130stanbul\",\n    \"plaka\": 34,\n    \"ilceleri\": [\n      \"Adalar\",\n      \"Bak\u0131rk\u00f6y\",\n      \"Be\u015fikta\u015f\",\n      \"Beykoz\",\n      \"Beyo\u011flu\",\n      \"\u00c7atalca\",\n      \"Ey\u00fcp\",\n      \"Fatih\",\n      \"Gaziosmanpa\u015fa\",\n      \"Kad\u0131k\u00f6y\",\n      \"Kartal\",\n      \"Sar\u0131yer\",\n      \"Silivri\",\n      \"\u015eile\",\n      \"\u015ei\u015fli\",\n      \"\u00dcsk\u00fcdar\",\n      \"Zeytinburnu\",\n      \"B\u00fcy\u00fck\u00e7ekmece\",\n      \"Ka\u011f\u0131thane\",\n      \"K\u00fc\u00e7\u00fck\u00e7ekmece\",\n      \"Pendik\",\n      \"\u00dcmraniye\",\n      \"Bayrampa\u015fa\",\n      \"Avc\u0131lar\",\n      \"Ba\u011fc\u0131lar\",\n      \"Bah\u00e7elievler\",\n      \"G\u00fcng\u00f6ren\",\n      \"Maltepe\",\n      \"Sultanbeyli\",\n      \"Tuzla\",\n      \"Esenler\",\n      \"Arnavutk\u00f6y\",\n      \"Ata\u015fehir\",\n      \"Ba\u015fak\u015fehir\",\n      \"Beylikd\u00fcz\u00fc\",\n      \"\u00c7ekmek\u00f6y\",\n      \"Esenyurt\",\n      \"Sancaktepe\",\n      \"Sultangazi\"\n    ]\n  }\n]\nfunction search(nameKey, myArray){\n    for (var i=0; i < myArray.length; i++) {\n        if (myArray[i].plaka == nameKey) {\n            return myArray[i];\n        }\n    }\n}\n$( document ).ready(function() {\n  $.each(data, function( index, value ) {\n    $('#form-field-Iller').append($('<option>', {\n        value: value.plaka,\n        text:  value.il\n    }));\n  });\n  $(\"#form-field-Iller\").change(function(){\n    var valueSelected = this.value;\n    if($('#form-field-Iller').val() > 0) {\n      $('#form-field-Ilceler').html('');\n      $('#form-field-Ilceler').append($('<option>', {\n        value: 0,\n        text:  'L\u00fctfen Bir \u0130l\u00e7e se\u00e7iniz'\n      }));\n      $('#form-field-Ilceler').prop(\"disabled\", false);\n      var resultObject = search($('#form-field-Iller').val(), data);\n      $.each(resultObject.ilceleri, function( index, value ) {\n        $('#form-field-Ilceler').append($('<option>', {\n            value: value,\n            text:  value\n        }));\n      });\n      return false;\n    }\n    $('#form-field-Ilceler').prop(\"disabled\", true);\n  });\n});\n<\/script><\/p>\n<div class=\"column one-second\">\u0130sim <span class=\"wpcf7-form-control-wrap\" data-name=\"your-name\"><input type=\"text\" name=\"your-name\" value=\"\" size=\"40\" class=\"wpcf7-form-control wpcf7-text wpcf7-validates-as-required\" aria-required=\"true\" aria-invalid=\"false\" placeholder=\"Ahmet\" \/><\/span> <\/div>\n<div class=\"column one-second\">Soyisim <span class=\"wpcf7-form-control-wrap\" data-name=\"your-surname\"><input type=\"text\" name=\"your-surname\" value=\"\" size=\"40\" class=\"wpcf7-form-control wpcf7-text wpcf7-validates-as-required\" aria-required=\"true\" aria-invalid=\"false\" placeholder=\"Demir\" \/><\/span> <\/div>\n<div class=\"column one-second\">Telefon <span class=\"wpcf7-form-control-wrap\" data-name=\"your-phone\"><input type=\"text\" name=\"your-phone\" value=\"\" size=\"40\" class=\"wpcf7-form-control wpcf7-text wpcf7-validates-as-required\" aria-required=\"true\" aria-invalid=\"false\" placeholder=\"555 555 55 55\" \/><\/span> <\/div>\n<div class=\"column one-second\">E-Posta Adresiniz <span class=\"wpcf7-form-control-wrap\" data-name=\"your-email\"><input type=\"email\" name=\"your-email\" value=\"\" size=\"40\" class=\"wpcf7-form-control wpcf7-text wpcf7-email wpcf7-validates-as-required wpcf7-validates-as-email\" aria-required=\"true\" aria-invalid=\"false\" placeholder=\"eposta@uzanti.com\" \/><\/span> <\/div>\n<div class=\"column one-second\">\u0130l <span class=\"wpcf7-form-control-wrap\" data-name=\"il\"><select name=\"il\" class=\"wpcf7-form-control wpcf7-select wpcf7-validates-as-required\" id=\"form-field-Iller\" aria-required=\"true\" aria-invalid=\"false\"><option value=\"\u0130l Se\u00e7iniz\">\u0130l Se\u00e7iniz<\/option><\/select><\/span> <\/div>\n<div class=\"column one-second\">\u0130l\u00e7e <span class=\"wpcf7-form-control-wrap\" data-name=\"ilce\"><select name=\"ilce\" class=\"wpcf7-form-control wpcf7-select wpcf7-validates-as-required\" id=\"form-field-Ilceler\" aria-required=\"true\" aria-invalid=\"false\"><option value=\"\u00d6nce \u0130l Se\u00e7iniz\">\u00d6nce \u0130l Se\u00e7iniz<\/option><\/select><\/span> <\/div>\n<div class=\"column one-third\">Ada <span class=\"wpcf7-form-control-wrap\" data-name=\"ada\"><input type=\"text\" name=\"ada\" value=\"\" size=\"40\" class=\"wpcf7-form-control wpcf7-text\" aria-invalid=\"false\" \/><\/span> <\/div>\n<div class=\"column one-third\">Pafta <span class=\"wpcf7-form-control-wrap\" data-name=\"pafta\"><input type=\"text\" name=\"pafta\" value=\"\" size=\"40\" class=\"wpcf7-form-control wpcf7-text\" aria-invalid=\"false\" \/><\/span> <\/div>\n<div class=\"column one-third\">M2 <span class=\"wpcf7-form-control-wrap\" data-name=\"metrekare\"><input type=\"text\" name=\"metrekare\" value=\"\" size=\"40\" class=\"wpcf7-form-control wpcf7-text\" aria-invalid=\"false\" \/><\/span> <\/div>\n<div class=\"column one-second\">Adada Ka\u00e7 Parsel Var <span class=\"wpcf7-form-control-wrap\" data-name=\"butce\"><input type=\"number\" name=\"butce\" value=\"\" class=\"wpcf7-form-control wpcf7-number wpcf7-validates-as-number\" min=\"0\" aria-invalid=\"false\" \/><\/span> <\/div>\n<div class=\"column one-second\">Di\u011fer Hak Sahiplerini Tan\u0131yor Musunuz? <span class=\"wpcf7-form-control-wrap\" data-name=\"hak-sahipleri\"><select name=\"hak-sahipleri\" class=\"wpcf7-form-control wpcf7-select wpcf7-validates-as-required\" aria-required=\"true\" aria-invalid=\"false\"><option value=\"Evet\">Evet<\/option><option value=\"Hay\u0131r\">Hay\u0131r<\/option><\/select><\/span> <\/div>\n<div class=\"column one\">\u0130leti\u015fim Numaralar\u0131n\u0131 Yaz\u0131n\u0131z <span class=\"wpcf7-form-control-wrap\" data-name=\"diger-hak-sahipleri\"><input type=\"text\" name=\"diger-hak-sahipleri\" value=\"\" size=\"40\" class=\"wpcf7-form-control wpcf7-text\" aria-invalid=\"false\" \/><\/span> <\/div>\n<div class=\"column one\"><input type=\"submit\" value=\"Teklif \u0130ste\" class=\"wpcf7-form-control has-spinner wpcf7-submit\" \/><\/div>\n<div class=\"wpcf7-response-output\" aria-hidden=\"true\"><\/div><\/form><\/div>\t\t<\/div>\n\t\t\t\t<\/div>\n\t\t\t\t\t<\/div>\n\t\t<\/div>\n\t\t\t\t\t\t\t<\/div>\n\t\t<\/section>\n\t\t\t\t\t\t\t<\/div>\n\t\t","protected":false},"excerpt":{"rendered":"","protected":false},"author":2,"featured_media":0,"parent":0,"menu_order":0,"comment_status":"closed","ping_status":"closed","template":"","meta":{"footnotes":""},"class_list":["post-1080","page","type-page","status-publish","hentry"],"_links":{"self":[{"href":"https:\/\/yonetim2.sondigital.net\/index.php?rest_route=\/wp\/v2\/pages\/1080","targetHints":{"allow":["GET"]}}],"collection":[{"href":"https:\/\/yonetim2.sondigital.net\/index.php?rest_route=\/wp\/v2\/pages"}],"about":[{"href":"https:\/\/yonetim2.sondigital.net\/index.php?rest_route=\/wp\/v2\/types\/page"}],"author":[{"embeddable":true,"href":"https:\/\/yonetim2.sondigital.net\/index.php?rest_route=\/wp\/v2\/users\/2"}],"replies":[{"embeddable":true,"href":"https:\/\/yonetim2.sondigital.net\/index.php?rest_route=%2Fwp%2Fv2%2Fcomments&post=1080"}],"version-history":[{"count":3,"href":"https:\/\/yonetim2.sondigital.net\/index.php?rest_route=\/wp\/v2\/pages\/1080\/revisions"}],"predecessor-version":[{"id":1083,"href":"https:\/\/yonetim2.sondigital.net\/index.php?rest_route=\/wp\/v2\/pages\/1080\/revisions\/1083"}],"wp:attachment":[{"href":"https:\/\/yonetim2.sondigital.net\/index.php?rest_route=%2Fwp%2Fv2%2Fmedia&parent=1080"}],"curies":[{"name":"wp","href":"https:\/\/api.w.org\/{rel}","templated":true}]}}